{"id":1475,"date":"2024-12-09T12:15:16","date_gmt":"2024-12-09T12:15:16","guid":{"rendered":"https:\/\/joselifante.es\/?page_id=1475"},"modified":"2024-12-09T16:23:37","modified_gmt":"2024-12-09T16:23:37","slug":"mi-aventura-en-el-cine","status":"publish","type":"page","link":"https:\/\/joselifante.es\/?page_id=1475","title":{"rendered":"Mi aventura en el cine"},"content":{"rendered":"\n<p>\u00abPel\u00edcula documental sobre mi vida\u00bb<\/p>\n\n\n\n<p>Han realizado un documental sobre la vida de Jos\u00e9 Lifante y lo han proyectado ya en dos salas de cine, en la inauguraci\u00f3n, en Sitges, estuvieron entre los invitados sus dos hijos Eva y David con sus respectivas parejas, las actrices Carme Sansa y Anna Fr\u00edgola, as\u00ed como el Director de la obra David Garc\u00eda Sari\u00f1ena. La sala contempl\u00f3 un lleno absoluto y fue muy del agrado de los espectadores.<\/p>\n\n\n\n<p>Les dejamos el tr\u00e1iler de la presentaci\u00f3n de la pel\u00edcula, as\u00ed como el cartel de la misma y algunas fotograf\u00edas de la proyecci\u00f3n de la pel\u00edcula. <\/p>\n\n\n\n<p>Por desgracia Jos\u00e9 Lifante, Pepe para los amigos, falleci\u00f3 el d\u00eda 16 de Enero de 2024 y no ha podido disfrutar de su pel\u00edcula, pero estamos seguros de que en alg\u00fan lugar la estar\u00e1 viendo. <\/p>\n\n\n\n<figure class=\"wp-block-video\"><video controls src=\"https:\/\/joselifante.es\/wp-content\/uploads\/2024\/12\/TRAILER-OFICIAL.mp4\"><\/video><\/figure>\n\n\n\n<figure class=\"wp-block-image aligncenter size-large\"><img fetchpriority=\"high\" decoding=\"async\" width=\"819\" height=\"1024\" src=\"https:\/\/joselifante.es\/wp-content\/uploads\/2024\/12\/461716395_18455059642053676_3514802356487403586_n-819x1024.jpg\" alt=\"\" class=\"wp-image-1477\" srcset=\"https:\/\/joselifante.es\/wp-content\/uploads\/2024\/12\/461716395_18455059642053676_3514802356487403586_n-819x1024.jpg 819w, https:\/\/joselifante.es\/wp-content\/uploads\/2024\/12\/461716395_18455059642053676_3514802356487403586_n-240x300.jpg 240w, https:\/\/joselifante.es\/wp-content\/uploads\/2024\/12\/461716395_18455059642053676_3514802356487403586_n.jpg 1440w\" sizes=\"(max-width: 819px) 100vw, 819px\" \/><\/figure>\n\n\n\n<figure class=\"wp-block-image aligncenter size-large\"><img decoding=\"async\" width=\"1024\" height=\"1024\" src=\"https:\/\/joselifante.es\/wp-content\/uploads\/2024\/12\/462089370_10235348506913395_4083545206276172717_n-1024x1024.jpg\" alt=\"\" class=\"wp-image-1487\" srcset=\"https:\/\/joselifante.es\/wp-content\/uploads\/2024\/12\/462089370_10235348506913395_4083545206276172717_n-1024x1024.jpg 1024w, https:\/\/joselifante.es\/wp-content\/uploads\/2024\/12\/462089370_10235348506913395_4083545206276172717_n-300x300.jpg 300w, https:\/\/joselifante.es\/wp-content\/uploads\/2024\/12\/462089370_10235348506913395_4083545206276172717_n-150x150.jpg 150w, https:\/\/joselifante.es\/wp-content\/uploads\/2024\/12\/462089370_10235348506913395_4083545206276172717_n.jpg 1440w\" sizes=\"(max-width: 1024px) 100vw, 1024px\" \/><\/figure>\n\n\n\n<figure class=\"wp-block-image aligncenter size-large\"><img decoding=\"async\" width=\"1024\" height=\"1024\" src=\"https:\/\/joselifante.es\/wp-content\/uploads\/2024\/12\/461870777_10235348506993397_8449698578141039226_n-1024x1024.jpg\" alt=\"\" class=\"wp-image-1489\" srcset=\"https:\/\/joselifante.es\/wp-content\/uploads\/2024\/12\/461870777_10235348506993397_8449698578141039226_n-1024x1024.jpg 1024w, https:\/\/joselifante.es\/wp-content\/uploads\/2024\/12\/461870777_10235348506993397_8449698578141039226_n-300x300.jpg 300w, https:\/\/joselifante.es\/wp-content\/uploads\/2024\/12\/461870777_10235348506993397_8449698578141039226_n-150x150.jpg 150w, https:\/\/joselifante.es\/wp-content\/uploads\/2024\/12\/461870777_10235348506993397_8449698578141039226_n.jpg 1440w\" sizes=\"(max-width: 1024px) 100vw, 1024px\" \/><\/figure>\n\n\n\n<figure class=\"wp-block-image aligncenter size-large\"><img loading=\"lazy\" decoding=\"async\" width=\"1024\" height=\"576\" src=\"https:\/\/joselifante.es\/wp-content\/uploads\/2024\/12\/rodaje-3-1024x576.jpg\" alt=\"\" class=\"wp-image-1498\" srcset=\"https:\/\/joselifante.es\/wp-content\/uploads\/2024\/12\/rodaje-3-1024x576.jpg 1024w, https:\/\/joselifante.es\/wp-content\/uploads\/2024\/12\/rodaje-3-300x169.jpg 300w, https:\/\/joselifante.es\/wp-content\/uploads\/2024\/12\/rodaje-3.jpg 1600w\" sizes=\"(max-width: 1024px) 100vw, 1024px\" \/><\/figure>\n\n\n\n<figure class=\"wp-block-image aligncenter size-large\"><img loading=\"lazy\" decoding=\"async\" width=\"1024\" height=\"576\" src=\"https:\/\/joselifante.es\/wp-content\/uploads\/2024\/12\/rodaje-1-1024x576.jpeg\" alt=\"\" class=\"wp-image-1499\" srcset=\"https:\/\/joselifante.es\/wp-content\/uploads\/2024\/12\/rodaje-1-1024x576.jpeg 1024w, https:\/\/joselifante.es\/wp-content\/uploads\/2024\/12\/rodaje-1-300x169.jpeg 300w, https:\/\/joselifante.es\/wp-content\/uploads\/2024\/12\/rodaje-1.jpeg 1600w\" sizes=\"(max-width: 1024px) 100vw, 1024px\" \/><\/figure>\n\n\n\n<figure class=\"wp-block-image aligncenter size-large\"><img loading=\"lazy\" decoding=\"async\" width=\"1024\" height=\"576\" src=\"https:\/\/joselifante.es\/wp-content\/uploads\/2024\/12\/rodaje-2-1024x576.jpeg\" alt=\"\" class=\"wp-image-1500\" srcset=\"https:\/\/joselifante.es\/wp-content\/uploads\/2024\/12\/rodaje-2-1024x576.jpeg 1024w, https:\/\/joselifante.es\/wp-content\/uploads\/2024\/12\/rodaje-2-300x169.jpeg 300w, https:\/\/joselifante.es\/wp-content\/uploads\/2024\/12\/rodaje-2.jpeg 1600w\" sizes=\"(max-width: 1024px) 100vw, 1024px\" \/><\/figure>\n\n\n\n<figure class=\"wp-block-image aligncenter size-large\"><img loading=\"lazy\" decoding=\"async\" width=\"461\" height=\"1024\" src=\"https:\/\/joselifante.es\/wp-content\/uploads\/2024\/12\/419883486_10233268309149751_1772413033980756754_n-461x1024.jpg\" alt=\"\" class=\"wp-image-1501\" srcset=\"https:\/\/joselifante.es\/wp-content\/uploads\/2024\/12\/419883486_10233268309149751_1772413033980756754_n-461x1024.jpg 461w, https:\/\/joselifante.es\/wp-content\/uploads\/2024\/12\/419883486_10233268309149751_1772413033980756754_n-135x300.jpg 135w, https:\/\/joselifante.es\/wp-content\/uploads\/2024\/12\/419883486_10233268309149751_1772413033980756754_n.jpg 720w\" sizes=\"(max-width: 461px) 100vw, 461px\" \/><\/figure>\n","protected":false},"excerpt":{"rendered":"<p>\u00abPel\u00edcula documental sobre mi vida\u00bb Han realizado un documental sobre la vida de Jos\u00e9 Lifante y lo han proyectado ya en dos salas de cine, en la inauguraci\u00f3n, en Sitges, estuvieron entre los invitados sus dos hijos Eva y David con sus respectivas parejas, las actrices Carme Sansa y Anna Fr\u00edgola, as\u00ed como el Director &hellip; <\/p>\n<p class=\"link-more\"><a href=\"https:\/\/joselifante.es\/?page_id=1475\" class=\"more-link\">Leer m\u00e1s<span class=\"screen-reader-text\"> \u00abMi aventura en el cine\u00bb<\/span><\/a><\/p>\n","protected":false},"author":1,"featured_media":0,"parent":0,"menu_order":0,"comment_status":"closed","ping_status":"closed","template":"","meta":{"ngg_post_thumbnail":0,"footnotes":""},"featured_media_urls":[],"_links":{"self":[{"href":"https:\/\/joselifante.es\/index.php?rest_route=\/wp\/v2\/pages\/1475"}],"collection":[{"href":"https:\/\/joselifante.es\/index.php?rest_route=\/wp\/v2\/pages"}],"about":[{"href":"https:\/\/joselifante.es\/index.php?rest_route=\/wp\/v2\/types\/page"}],"author":[{"embeddable":true,"href":"https:\/\/joselifante.es\/index.php?rest_route=\/wp\/v2\/users\/1"}],"replies":[{"embeddable":true,"href":"https:\/\/joselifante.es\/index.php?rest_route=%2Fwp%2Fv2%2Fcomments&post=1475"}],"version-history":[{"count":10,"href":"https:\/\/joselifante.es\/index.php?rest_route=\/wp\/v2\/pages\/1475\/revisions"}],"predecessor-version":[{"id":1503,"href":"https:\/\/joselifante.es\/index.php?rest_route=\/wp\/v2\/pages\/1475\/revisions\/1503"}],"wp:attachment":[{"href":"https:\/\/joselifante.es\/index.php?rest_route=%2Fwp%2Fv2%2Fmedia&parent=1475"}],"curies":[{"name":"wp","href":"https:\/\/api.w.org\/{rel}","templated":true}]}}