{"id":16,"date":"2022-10-25T10:29:06","date_gmt":"2022-10-25T10:29:06","guid":{"rendered":"https:\/\/joselifante.es\/?page_id=16"},"modified":"2024-01-22T11:23:00","modified_gmt":"2024-01-22T11:23:00","slug":"acerca-de","status":"publish","type":"page","link":"https:\/\/joselifante.es\/","title":{"rendered":"Acerca de"},"content":{"rendered":"\n<p>Licenciado en Filosof\u00eda y Letras en la especialidad de Historia del Arte, debuta como actor en 1960 con la compa\u00f1\u00eda de teatro de Enrique Diosdado y Amelia de la Torre en Barcelona.<\/p>\n\n\n\n<p>Tan s\u00f3lo un a\u00f1o despu\u00e9s realiza su primera aparici\u00f3n cinematogr\u00e1fica de la mano de Francisco Rovira Beleta, en la pel\u00edcula <em>Los atracadores<\/em>. Ese mismo a\u00f1o rueda <em>Juventud a la intemperie<\/em> de Ignacio F. Iquino, y se aparta del cine durante los siguientes nueve a\u00f1os.<\/p>\n\n\n\n<p>Durante ese tiempo consagra su carrera al teatro, interpretando por ejemplo, <em>El adefesio<\/em> (1966), de Rafael Alberti. En 1974 se traslada a Madrid y retoma una carrera cinematogr\u00e1fica que terminar\u00e1 superando la cifra de los cien t\u00edtulos. Se trata, pues, de uno de los actores espa\u00f1oles con una filmograf\u00eda m\u00e1s abultada, casi siempre en papeles secundarios y condicionados por su f\u00edsico alto y enjuto, aptos especialmente para el g\u00e9nero de la comedia. Destaca en su trayectoria el personaje del mayordomo en la pel\u00edcula <em>Patrimonio Nacional<\/em> (1981), de Luis Garc\u00eda Berlanga y su actuaci\u00f3n en la pel\u00edcula de terror <em>No profanar el sue\u00f1o de los muertos<\/em> (1974) de Jordi Grau, encarnando a uno de los zombis.<\/p>\n\n\n\n<p>Tambi\u00e9n en televisi\u00f3n ha representado decenas de personajes en series de registro c\u00f3mico, con incursiones en el dram\u00e1tico, como en <em>El p\u00edcaro<\/em> (1974), <em>Lecciones de tocador<\/em> (1983), <em>Teresa de Jes\u00fas<\/em> (1984), <em>Media naranja<\/em> (1986), <em>Villarriba y Villabajo<\/em> (1994), <em>Hermanos de leche<\/em> (1994-1995), <em>Abierto 24 horas<\/em> (2000-2001), <em>Aqu\u00ed no hay quien viva<\/em> y <em>Cu\u00e9ntame c\u00f3mo pas\u00f3<\/em>.<\/p>\n\n\n\n<p>A principios de los noventa tambi\u00e9n trabaj\u00f3 como actor de doblaje en los estudios de Arcof\u00f3n, en Madrid. Particip\u00f3 en series como <em>Colombo<\/em> y en la serie de animaci\u00f3n <em>Los Caballeros del Zodiaco<\/em> donde interpret\u00f3 muchos personajes, pero su voz est\u00e1 muy asimilada al malvado personaje M\u00e1scara de Muerte de C\u00e1ncer y al noble Aioria de Leo.<\/p>\n\n\n\n<p>Actualmente se encuentra embarcado en un nuevo proyecto, una serie de terror en l\u00ednea titulada <em>Cementerio de historias<\/em>, en la cual interpreta el papel de \u00abEl Enterrador\u00bb, misterioso personaje que narra en cada cap\u00edtulo una historia diferente, que abarcan desde el gore y el humor negro hasta el thriller y el suspense y cada una es absolutamente independiente de las otras.<\/p>\n\n\n\n<p>Jos\u00e9 Lifante fallece en Madrid el d\u00eda 16 de Enero de 2024 a la edad de 80 a\u00f1os.<\/p>\n\n\n\n<div style=\"height:100px\" aria-hidden=\"true\" class=\"wp-block-spacer\"><\/div>\n\n\n\n<div class=\"wp-block-cover alignfull\" style=\"padding-top:50px;padding-right:50px;padding-bottom:50px;padding-left:50px;min-height:316px\"><span aria-hidden=\"true\" class=\"wp-block-cover__background has-black-background-color has-background-dim-100 has-background-dim\"><\/span><div class=\"wp-block-cover__inner-container is-layout-flow wp-block-cover-is-layout-flow\">\n<div class=\"wp-block-columns are-vertically-aligned-center is-layout-flex wp-container-core-columns-layout-1 wp-block-columns-is-layout-flex\">\n<div class=\"wp-block-column is-vertically-aligned-center is-layout-flow wp-block-column-is-layout-flow\" style=\"padding-top:20px;padding-right:0px;padding-bottom:20px;padding-left:0px\">\n<div class=\"wp-block-group is-content-justification-space-between is-nowrap is-layout-flex wp-container-core-group-layout-2 wp-block-group-is-layout-flex\">\n<div class=\"wp-block-group is-layout-flow wp-block-group-is-layout-flow\"><\/div>\n<\/div>\n<\/div>\n\n\n\n<div class=\"wp-block-column is-vertically-aligned-center is-layout-flow wp-block-column-is-layout-flow\" style=\"padding-top:20px;padding-right:0px;padding-bottom:20px;padding-left:0px\">\n<div class=\"wp-block-group is-content-justification-space-between is-nowrap is-layout-flex wp-container-core-group-layout-4 wp-block-group-is-layout-flex\">\n<div class=\"wp-block-group is-layout-flow wp-block-group-is-layout-flow\"><\/div>\n<\/div>\n<\/div>\n\n\n\n<div class=\"wp-block-column is-vertically-aligned-center is-layout-flow wp-block-column-is-layout-flow\" style=\"padding-top:20px;padding-right:0px;padding-bottom:20px;padding-left:0px\">\n<div class=\"wp-block-group is-content-justification-space-between is-nowrap is-layout-flex wp-container-core-group-layout-5 wp-block-group-is-layout-flex\"><\/div>\n<\/div>\n<\/div>\n<\/div><\/div>\n","protected":false},"excerpt":{"rendered":"<p>Licenciado en Filosof\u00eda y Letras en la especialidad de Historia del Arte, debuta como actor en 1960 con la compa\u00f1\u00eda de teatro de Enrique Diosdado y Amelia de la Torre en Barcelona. Tan s\u00f3lo un a\u00f1o despu\u00e9s realiza su primera aparici\u00f3n cinematogr\u00e1fica de la mano de Francisco Rovira Beleta, en la pel\u00edcula Los atracadores. Ese &hellip; <\/p>\n<p class=\"link-more\"><a href=\"https:\/\/joselifante.es\/\" class=\"more-link\">Leer m\u00e1s<span class=\"screen-reader-text\"> \u00abAcerca de\u00bb<\/span><\/a><\/p>\n","protected":false},"author":1,"featured_media":14,"parent":0,"menu_order":0,"comment_status":"closed","ping_status":"closed","template":"","meta":{"ngg_post_thumbnail":0,"footnotes":""},"featured_media_urls":{"thumbnail":["https:\/\/joselifante.es\/wp-content\/uploads\/2022\/10\/StockSnap_M6D1GS9PSL-150x150.jpg",150,150,true],"medium":["https:\/\/joselifante.es\/wp-content\/uploads\/2022\/10\/StockSnap_M6D1GS9PSL-300x198.jpg",300,198,true],"medium_large":["https:\/\/joselifante.es\/wp-content\/uploads\/2022\/10\/StockSnap_M6D1GS9PSL-768x506.jpg",768,506,true],"large":["https:\/\/joselifante.es\/wp-content\/uploads\/2022\/10\/StockSnap_M6D1GS9PSL-1024x674.jpg",950,625,true],"1536x1536":["https:\/\/joselifante.es\/wp-content\/uploads\/2022\/10\/StockSnap_M6D1GS9PSL-1536x1011.jpg",1536,1011,true],"2048x2048":["https:\/\/joselifante.es\/wp-content\/uploads\/2022\/10\/StockSnap_M6D1GS9PSL.jpg",2000,1317,false],"inspiro-featured-image":["https:\/\/joselifante.es\/wp-content\/uploads\/2022\/10\/StockSnap_M6D1GS9PSL.jpg",2000,1317,false],"inspiro-loop":["https:\/\/joselifante.es\/wp-content\/uploads\/2022\/10\/StockSnap_M6D1GS9PSL-950x320.jpg",950,320,true],"inspiro-loop@2x":["https:\/\/joselifante.es\/wp-content\/uploads\/2022\/10\/StockSnap_M6D1GS9PSL-1900x640.jpg",1900,640,true],"portfolio_item-thumbnail":["https:\/\/joselifante.es\/wp-content\/uploads\/2022\/10\/StockSnap_M6D1GS9PSL-600x400.jpg",600,400,true],"portfolio_item-thumbnail@2x":["https:\/\/joselifante.es\/wp-content\/uploads\/2022\/10\/StockSnap_M6D1GS9PSL-1200x800.jpg",1200,800,true],"portfolio_item-masonry":["https:\/\/joselifante.es\/wp-content\/uploads\/2022\/10\/StockSnap_M6D1GS9PSL-600x395.jpg",600,395,true],"portfolio_item-masonry@2x":["https:\/\/joselifante.es\/wp-content\/uploads\/2022\/10\/StockSnap_M6D1GS9PSL-1200x790.jpg",1200,790,true],"portfolio_item-thumbnail_cinema":["https:\/\/joselifante.es\/wp-content\/uploads\/2022\/10\/StockSnap_M6D1GS9PSL-800x335.jpg",800,335,true],"portfolio_item-thumbnail_portrait":["https:\/\/joselifante.es\/wp-content\/uploads\/2022\/10\/StockSnap_M6D1GS9PSL-600x900.jpg",600,900,true],"portfolio_item-thumbnail_portrait@2x":["https:\/\/joselifante.es\/wp-content\/uploads\/2022\/10\/StockSnap_M6D1GS9PSL-1200x1317.jpg",1200,1317,true],"portfolio_item-thumbnail_square":["https:\/\/joselifante.es\/wp-content\/uploads\/2022\/10\/StockSnap_M6D1GS9PSL-800x800.jpg",800,800,true]},"_links":{"self":[{"href":"https:\/\/joselifante.es\/index.php?rest_route=\/wp\/v2\/pages\/16"}],"collection":[{"href":"https:\/\/joselifante.es\/index.php?rest_route=\/wp\/v2\/pages"}],"about":[{"href":"https:\/\/joselifante.es\/index.php?rest_route=\/wp\/v2\/types\/page"}],"author":[{"embeddable":true,"href":"https:\/\/joselifante.es\/index.php?rest_route=\/wp\/v2\/users\/1"}],"replies":[{"embeddable":true,"href":"https:\/\/joselifante.es\/index.php?rest_route=%2Fwp%2Fv2%2Fcomments&post=16"}],"version-history":[{"count":10,"href":"https:\/\/joselifante.es\/index.php?rest_route=\/wp\/v2\/pages\/16\/revisions"}],"predecessor-version":[{"id":1461,"href":"https:\/\/joselifante.es\/index.php?rest_route=\/wp\/v2\/pages\/16\/revisions\/1461"}],"wp:featuredmedia":[{"embeddable":true,"href":"https:\/\/joselifante.es\/index.php?rest_route=\/wp\/v2\/media\/14"}],"wp:attachment":[{"href":"https:\/\/joselifante.es\/index.php?rest_route=%2Fwp%2Fv2%2Fmedia&parent=16"}],"curies":[{"name":"wp","href":"https:\/\/api.w.org\/{rel}","templated":true}]}}