{"id":32,"date":"2022-10-25T10:32:22","date_gmt":"2022-10-25T10:32:22","guid":{"rendered":"https:\/\/joselifante.es\/?page_id=32"},"modified":"2022-11-08T10:57:51","modified_gmt":"2022-11-08T10:57:51","slug":"fotografias","status":"publish","type":"page","link":"https:\/\/joselifante.es\/?page_id=32","title":{"rendered":"Fotograf\u00edas"},"content":{"rendered":"\n<p>Aqu\u00ed pod\u00e9is visualizar las fotograf\u00edas que Jos\u00e9 Lifante ha reunido durante tantos a\u00f1os y que quiere que las disfrut\u00e9is. <\/p>\n\n\n\n<p>Estan catalogadas en tres apartados diferentes, <a href=\"https:\/\/joselifante.es\/?page_id=1042\">actuaciones<\/a>, <a href=\"https:\/\/joselifante.es\/?page_id=778\">promociones<\/a> y <a href=\"\/joselifante.es\/?page_id=741\">ensayos<\/a><\/p>\n\n\n\n<p>En actuaciones ten\u00e9is disponibles varias fotograf\u00edas de las actuaciones de Jos\u00e9 Lifante y aparte dispon\u00e9is de unas galer\u00edas con las fotograf\u00edas con t\u00edtulo de las obras o pel\u00edculas<\/p>\n\n\n\n<p>Dando click con vuestro rat\u00f3n en cada fotograf\u00eda pod\u00e9is disfrutar y visualizar las mismas a pantalla completa.<\/p>\n\n\n\n<p>Esperamos que os gusten y si por casualidad dispon\u00e9is de material que no ve\u00e1is en la p\u00e1gina haznoslo saber para poder a\u00f1adirla a la web<\/p>\n","protected":false},"excerpt":{"rendered":"<p>Aqu\u00ed pod\u00e9is visualizar las fotograf\u00edas que Jos\u00e9 Lifante ha reunido durante tantos a\u00f1os y que quiere que las disfrut\u00e9is. Estan catalogadas en tres apartados diferentes, actuaciones, promociones y ensayos En actuaciones ten\u00e9is disponibles varias fotograf\u00edas de las actuaciones de Jos\u00e9 Lifante y aparte dispon\u00e9is de unas galer\u00edas con las fotograf\u00edas con t\u00edtulo de las obras &hellip; <\/p>\n<p class=\"link-more\"><a href=\"https:\/\/joselifante.es\/?page_id=32\" class=\"more-link\">Leer m\u00e1s<span class=\"screen-reader-text\"> \u00abFotograf\u00edas\u00bb<\/span><\/a><\/p>\n","protected":false},"author":1,"featured_media":0,"parent":0,"menu_order":0,"comment_status":"closed","ping_status":"closed","template":"","meta":{"ngg_post_thumbnail":0,"footnotes":""},"featured_media_urls":[],"_links":{"self":[{"href":"https:\/\/joselifante.es\/index.php?rest_route=\/wp\/v2\/pages\/32"}],"collection":[{"href":"https:\/\/joselifante.es\/index.php?rest_route=\/wp\/v2\/pages"}],"about":[{"href":"https:\/\/joselifante.es\/index.php?rest_route=\/wp\/v2\/types\/page"}],"author":[{"embeddable":true,"href":"https:\/\/joselifante.es\/index.php?rest_route=\/wp\/v2\/users\/1"}],"replies":[{"embeddable":true,"href":"https:\/\/joselifante.es\/index.php?rest_route=%2Fwp%2Fv2%2Fcomments&post=32"}],"version-history":[{"count":4,"href":"https:\/\/joselifante.es\/index.php?rest_route=\/wp\/v2\/pages\/32\/revisions"}],"predecessor-version":[{"id":1253,"href":"https:\/\/joselifante.es\/index.php?rest_route=\/wp\/v2\/pages\/32\/revisions\/1253"}],"wp:attachment":[{"href":"https:\/\/joselifante.es\/index.php?rest_route=%2Fwp%2Fv2%2Fmedia&parent=32"}],"curies":[{"name":"wp","href":"https:\/\/api.w.org\/{rel}","templated":true}]}}