{"id":467,"date":"2022-10-26T12:39:53","date_gmt":"2022-10-26T12:39:53","guid":{"rendered":"https:\/\/joselifante.es\/?page_id=467"},"modified":"2022-10-26T12:46:03","modified_gmt":"2022-10-26T12:46:03","slug":"cine-2","status":"publish","type":"page","link":"https:\/\/joselifante.es\/?page_id=467","title":{"rendered":"Cine"},"content":{"rendered":"\n<p>Aqu\u00ed aparecen en dos p\u00e1gians separadas ( hasta 1982 y desde 1983) todos los v\u00eddeos con nombre de la pel\u00edcula y el director de la misma. Hay algunas pel\u00edculas que como ver\u00e1s me faltan, si las encuentras o dispones de ellas por favor ponte en contaco conmigo, muchas gracias<\/p>\n\n\n\n<p>Hemos conseguido que los v\u00eddeos los pod\u00e1is visualizar directamente en la p\u00e1gina web sin tener que salir de ella, presionando una sola vez sobre el v\u00eddeo lo podr\u00e9is ver en pantalla grande. Tambi\u00e9n pod\u00e9is inscribiros en el canal de Youtube y d\u00e1ndole a la campanilla os llegar\u00e1 un mensaje indicandoos que se ha subido un nuevo v\u00eddeo.<\/p>\n\n\n\n<p>Muchas gracias por vuestra visita<\/p>\n","protected":false},"excerpt":{"rendered":"<p>Aqu\u00ed aparecen en dos p\u00e1gians separadas ( hasta 1982 y desde 1983) todos los v\u00eddeos con nombre de la pel\u00edcula y el director de la misma. Hay algunas pel\u00edculas que como ver\u00e1s me faltan, si las encuentras o dispones de ellas por favor ponte en contaco conmigo, muchas gracias Hemos conseguido que los v\u00eddeos los &hellip; <\/p>\n<p class=\"link-more\"><a href=\"https:\/\/joselifante.es\/?page_id=467\" class=\"more-link\">Leer m\u00e1s<span class=\"screen-reader-text\"> \u00abCine\u00bb<\/span><\/a><\/p>\n","protected":false},"author":1,"featured_media":0,"parent":0,"menu_order":0,"comment_status":"closed","ping_status":"closed","template":"","meta":{"ngg_post_thumbnail":0,"footnotes":""},"featured_media_urls":[],"_links":{"self":[{"href":"https:\/\/joselifante.es\/index.php?rest_route=\/wp\/v2\/pages\/467"}],"collection":[{"href":"https:\/\/joselifante.es\/index.php?rest_route=\/wp\/v2\/pages"}],"about":[{"href":"https:\/\/joselifante.es\/index.php?rest_route=\/wp\/v2\/types\/page"}],"author":[{"embeddable":true,"href":"https:\/\/joselifante.es\/index.php?rest_route=\/wp\/v2\/users\/1"}],"replies":[{"embeddable":true,"href":"https:\/\/joselifante.es\/index.php?rest_route=%2Fwp%2Fv2%2Fcomments&post=467"}],"version-history":[{"count":2,"href":"https:\/\/joselifante.es\/index.php?rest_route=\/wp\/v2\/pages\/467\/revisions"}],"predecessor-version":[{"id":471,"href":"https:\/\/joselifante.es\/index.php?rest_route=\/wp\/v2\/pages\/467\/revisions\/471"}],"wp:attachment":[{"href":"https:\/\/joselifante.es\/index.php?rest_route=%2Fwp%2Fv2%2Fmedia&parent=467"}],"curies":[{"name":"wp","href":"https:\/\/api.w.org\/{rel}","templated":true}]}}